{"id":14006,"date":"2014-03-26T12:05:37","date_gmt":"2014-03-26T12:05:37","guid":{"rendered":"http:\/\/demo.qodeinteractive.com\/bridge3\/?page_id=14006"},"modified":"2026-05-14T19:38:21","modified_gmt":"2026-05-14T19:38:21","slug":"home-3","status":"publish","type":"page","link":"http:\/\/www.raomd.com.br\/2018\/","title":{"rendered":"Home 3"},"content":{"rendered":"<div class=\"wpb-content-wrapper\"><p>[vc_row css_animation=&#8221;&#8221; row_type=&#8221;row&#8221; use_row_as_full_screen_section=&#8221;no&#8221; type=&#8221;grid&#8221; angled_section=&#8221;no&#8221; text_align=&#8221;center&#8221; background_image_as_pattern=&#8221;without_pattern&#8221; background_color=&#8221;#1a3878&#8243;][vc_column][vc_column_text]<\/p>\n<p style=\"text-align: center;\"><span style=\"color: #ffffff;\">Cl\u00ednica M\u00e9dica | Geriatria | Pneumologia | International Panel Physician<\/span><\/p>\n<p>[\/vc_column_text][\/vc_column][\/vc_row][vc_row css_animation=&#8221;&#8221; row_type=&#8221;row&#8221; use_row_as_full_screen_section=&#8221;no&#8221; type=&#8221;grid&#8221; angled_section=&#8221;no&#8221; text_align=&#8221;left&#8221; background_image_as_pattern=&#8221;without_pattern&#8221; background_color=&#8221;#ffffff&#8221; padding_top=&#8221;0&#8243; padding_bottom=&#8221;0&#8243;][vc_column][vc_separator type=&#8221;transparent&#8221; up=&#8221;50&#8243; down=&#8221;0&#8243;][vc_column_text]<\/p>\n<p style=\"font-size: 160%; text-align: center;\"><span style=\"color: #333333;\"><strong>CONSULTA M\u00c9DICA<\/strong> &#8211; <em>International Panel Physician<\/em><\/span><span style=\"color: #ffffff;\"><br \/>\n<\/span><\/p>\n<p>[\/vc_column_text][vc_separator type=&#8221;small&#8221; position=&#8221;center&#8221; up=&#8221;20&#8243; down=&#8221;20&#8243;][vc_column_text]<\/p>\n<p style=\"text-align: center;\"><em>Selecione o pa\u00eds de destino.<\/em><span style=\"color: #ffffff;\"><br \/>\n<\/span><\/p>\n<p>[\/vc_column_text][vc_separator type=&#8221;transparent&#8221; up=&#8221;50&#8243; down=&#8221;0&#8243;][\/vc_column][vc_column width=&#8221;1\/4&#8243;][vc_single_image image=&#8221;15785&#8243; img_size=&#8221;full&#8221; onclick=&#8221;custom_link&#8221; img_link_target=&#8221;_blank&#8221; qode_css_animation=&#8221;&#8221; link=&#8221;http:\/\/www.raomd.com.br\/2018\/downloads\/ExameCanada.pdf&#8221;][vc_row_inner row_type=&#8221;row&#8221; use_as_box=&#8221;use_row_as_box&#8221; type=&#8221;full_width&#8221; text_align=&#8221;left&#8221; padding_top=&#8221;0&#8243; padding_bottom=&#8221;28&#8243; css_animation=&#8221;&#8221; padding=&#8221;0&#8243; css=&#8221;.vc_custom_1512487149172{padding-top: 0px !important;padding-right: 0px !important;padding-bottom: 0px !important;padding-left: 0px !important;}&#8221;][vc_column_inner][vc_separator type=&#8221;transparent&#8221; up=&#8221;17&#8243; down=&#8221;0&#8243;][vc_column_text]<\/p>\n<h3>Canad\u00e1 &#8211; CIC<\/h3>\n<p>[\/vc_column_text][vc_separator type=&#8221;transparent&#8221; up=&#8221;10&#8243; down=&#8221;0&#8243;]<a  itemprop=\"url\" href=\"http:\/\/www.raomd.com.br\/2018\/wp-content\/uploads\/2025\/01\/2025-1-CANADA-final.pdf\" target=\"_blank\" data-hover-background-color=#167485 data-hover-color=#ffffff class=\"qbutton  small default\" style=\"color: #ffffff; background-color: #185d8f;\">clique aqui<\/a>[vc_separator type=&#8221;transparent&#8221; up=&#8221;20&#8243; down=&#8221;40&#8243;][\/vc_column_inner][\/vc_row_inner][\/vc_column][vc_column width=&#8221;1\/4&#8243;][vc_single_image image=&#8221;15783&#8243; img_size=&#8221;full&#8221; onclick=&#8221;custom_link&#8221; img_link_target=&#8221;_blank&#8221; qode_css_animation=&#8221;&#8221; link=&#8221;http:\/\/www.raomd.com.br\/2018\/downloads\/ExameAustralia.pdf&#8221;][vc_row_inner row_type=&#8221;row&#8221; use_as_box=&#8221;use_row_as_box&#8221; type=&#8221;full_width&#8221; text_align=&#8221;left&#8221; padding_top=&#8221;0&#8243; padding_bottom=&#8221;28&#8243; css_animation=&#8221;&#8221; padding=&#8221;0&#8243;][vc_column_inner][vc_separator type=&#8221;transparent&#8221; up=&#8221;17&#8243; down=&#8221;0&#8243;][vc_column_text]<\/p>\n<h3>Austr\u00e1lia &#8211; DIBP<\/h3>\n<p>[\/vc_column_text][vc_separator type=&#8221;transparent&#8221; up=&#8221;10&#8243; down=&#8221;0&#8243;]<a  itemprop=\"url\" href=\"http:\/\/www.raomd.com.br\/2018\/wp-content\/uploads\/2025\/01\/2025-1-AUS-final.pdf\" target=\"_blank\" data-hover-background-color=#167485 data-hover-color=#ffffff class=\"qbutton  small default\" style=\"color: #ffffff; background-color: #185d8f;\">clique aqui<\/a>[vc_separator type=&#8221;transparent&#8221; up=&#8221;20&#8243; down=&#8221;40&#8243;][\/vc_column_inner][\/vc_row_inner][\/vc_column][vc_column width=&#8221;1\/4&#8243;][vc_single_image image=&#8221;15784&#8243; img_size=&#8221;full&#8221; onclick=&#8221;custom_link&#8221; img_link_target=&#8221;_blank&#8221; qode_css_animation=&#8221;&#8221; link=&#8221;http:\/\/www.raomd.com.br\/2018\/downloads\/ExameNovaZelandia.pdf&#8221;][vc_row_inner row_type=&#8221;row&#8221; use_as_box=&#8221;use_row_as_box&#8221; type=&#8221;full_width&#8221; text_align=&#8221;left&#8221; padding_top=&#8221;0&#8243; padding_bottom=&#8221;28&#8243; css_animation=&#8221;&#8221; padding=&#8221;0&#8243;][vc_column_inner][vc_separator type=&#8221;transparent&#8221; up=&#8221;17&#8243; down=&#8221;0&#8243;][vc_column_text]<\/p>\n<h3>NOVA ZEL\u00c2NDIA &#8211; INZ<\/h3>\n<p>[\/vc_column_text][vc_separator type=&#8221;transparent&#8221; up=&#8221;10&#8243; down=&#8221;0&#8243;]<a  itemprop=\"url\" href=\"http:\/\/www.raomd.com.br\/2018\/wp-content\/uploads\/2025\/01\/2025-1-NZ-final.pdf\" target=\"_blank\" data-hover-background-color=#167485 data-hover-color=#ffffff class=\"qbutton  small default\" style=\"color: #ffffff; background-color: #185d8f;\">clique aqui<\/a>[vc_separator type=&#8221;transparent&#8221; up=&#8221;20&#8243; down=&#8221;40&#8243;][\/vc_column_inner][\/vc_row_inner][\/vc_column][vc_column width=&#8221;1\/4&#8243;][vc_single_image image=&#8221;15782&#8243; img_size=&#8221;full&#8221; onclick=&#8221;custom_link&#8221; qode_css_animation=&#8221;&#8221; link=&#8221;http:\/\/www.raomd.com.br\/2018\/contato-outros-paises\/&#8221;][vc_row_inner row_type=&#8221;row&#8221; use_as_box=&#8221;use_row_as_box&#8221; type=&#8221;full_width&#8221; text_align=&#8221;left&#8221; padding_top=&#8221;0&#8243; padding_bottom=&#8221;28&#8243; css_animation=&#8221;&#8221; padding=&#8221;0&#8243;][vc_column_inner][vc_separator type=&#8221;transparent&#8221; up=&#8221;17&#8243; down=&#8221;0&#8243;][vc_column_text]<\/p>\n<h3>OUTROS PA\u00cdSES<\/h3>\n<p>[\/vc_column_text][vc_separator type=&#8221;transparent&#8221; up=&#8221;10&#8243; down=&#8221;0&#8243;]<a  itemprop=\"url\" href=\"https:\/\/www.raomd.com.br\/2018\/contato-outros-paises\/\" target=\"_self\" data-hover-background-color=#167485 data-hover-color=#ffffff class=\"qbutton  small default\" style=\"color: #ffffff; background-color: #185d8f;\">clique aqui<\/a>[vc_separator type=&#8221;transparent&#8221; up=&#8221;20&#8243; down=&#8221;40&#8243;][\/vc_column_inner][\/vc_row_inner][\/vc_column][\/vc_row][vc_row css_animation=&#8221;&#8221; row_type=&#8221;row&#8221; use_row_as_full_screen_section=&#8221;no&#8221; type=&#8221;full_width&#8221; angled_section=&#8221;no&#8221; text_align=&#8221;left&#8221; background_image_as_pattern=&#8221;without_pattern&#8221; background_color=&#8221;#ffffff&#8221;][vc_column][vc_separator type=&#8221;transparent&#8221; up=&#8221;0&#8243; down=&#8221;0&#8243;][\/vc_column][\/vc_row][vc_row row_type=&#8221;parallax&#8221; parallax_content_width=&#8221;in_grid&#8221; text_align=&#8221;left&#8221; background_image=&#8221;14032&#8243; full_screen_section_height=&#8221;no&#8221; section_height=&#8221;600&#8243;][vc_column][vc_separator type=&#8221;transparent&#8221; up=&#8221;50&#8243; down=&#8221;0&#8243;][vc_column_text]<\/p>\n<p style=\"font-size: 160%; text-align: center;\"><span style=\"color: #333333;\"><strong>CONSULTA M\u00c9DICA<\/strong> &#8211; <em>Acompanhamento Global da sua Sa\u00fade<\/em><\/span><span style=\"color: #ffffff;\"><br \/>\n<\/span><\/p>\n<p>[\/vc_column_text][vc_separator type=&#8221;small&#8221; position=&#8221;center&#8221; up=&#8221;20&#8243; down=&#8221;20&#8243;][vc_column_text]<\/p>\n<p style=\"text-align: center;\"><em>Atendimento focado na pessoa.<\/em><\/p>\n<p>[\/vc_column_text][vc_separator type=&#8221;transparent&#8221; up=&#8221;20&#8243;][vc_row_inner row_type=&#8221;row&#8221; type=&#8221;full_width&#8221; text_align=&#8221;center&#8221; css_animation=&#8221;&#8221;][vc_column_inner width=&#8221;1\/3&#8243;][vc_separator type=&#8221;transparent&#8221; up=&#8221;10&#8243; down=&#8221;0&#8243;][vc_single_image image=&#8221;15964&#8243; alignment=&#8221;center&#8221; onclick=&#8221;custom_link&#8221; img_link_target=&#8221;_blank&#8221; qode_css_animation=&#8221;&#8221; link=&#8221;http:\/\/www.raomd.com.br\/2018\/downloads\/ClinicaMedicaGeriatria.pdf&#8221;][vc_separator type=&#8221;transparent&#8221; up=&#8221;20&#8243; down=&#8221;0&#8243;][vc_column_text]<\/p>\n<h3 style=\"text-align: center;\"><a href=\"http:\/\/www.raomd.com.br\/2018\/downloads\/ClinicaMedicaGeriatria.pdf\">Cl\u00ednica M\u00e9dica<\/a><\/h3>\n<h3 style=\"text-align: center;\"><a href=\"http:\/\/www.raomd.com.br\/2018\/downloads\/ClinicaMedicaGeriatria.pdf\">e Geriatria<\/a><\/h3>\n<p>[\/vc_column_text][vc_separator type=&#8221;small&#8221; position=&#8221;center&#8221; up=&#8221;20&#8243; down=&#8221;20&#8243;][vc_column_text]<\/p>\n<p style=\"text-align: center;\">Clique para agendar a sua<\/p>\n<p>[\/vc_column_text]<a  itemprop=\"url\" href=\"http:\/\/www.raomd.com.br\/2018\/contato-avaliacao-medica-global\/\" target=\"_self\" data-hover-background-color=#167485 data-hover-color=#ffffff class=\"qbutton  small center default\" style=\"color: #ffffff; background-color: #185d8f;\">Avalia\u00e7\u00e3o M\u00e9dica Global<\/a>[vc_separator type=&#8221;transparent&#8221; up=&#8221;20&#8243; down=&#8221;40&#8243;][\/vc_column_inner][vc_column_inner width=&#8221;1\/3&#8243;][vc_separator type=&#8221;transparent&#8221; up=&#8221;10&#8243; down=&#8221;0&#8243;][vc_single_image image=&#8221;15961&#8243; alignment=&#8221;center&#8221; onclick=&#8221;custom_link&#8221; qode_css_animation=&#8221;&#8221; link=&#8221;http:\/\/www.raomd.com.br\/2018\/contato\/&#8221;][vc_separator type=&#8221;transparent&#8221; up=&#8221;20&#8243; down=&#8221;0&#8243;][vc_column_text]<\/p>\n<h3 style=\"text-align: center;\"><a href=\"http:\/\/www.raomd.com.br\/2018\/contato\/\">Pneumologia<\/a><\/h3>\n<p>[\/vc_column_text][vc_separator type=&#8221;small&#8221; position=&#8221;center&#8221; up=&#8221;20&#8243; down=&#8221;20&#8243;][vc_separator type=&#8221;transparent&#8221; up=&#8221;20&#8243; down=&#8221;40&#8243;][\/vc_column_inner][vc_column_inner width=&#8221;1\/3&#8243;][vc_separator type=&#8221;transparent&#8221; up=&#8221;10&#8243; down=&#8221;0&#8243;][vc_single_image image=&#8221;15963&#8243; alignment=&#8221;center&#8221; onclick=&#8221;custom_link&#8221; img_link_target=&#8221;_blank&#8221; qode_css_animation=&#8221;&#8221; link=&#8221;http:\/\/www.raomd.com.br\/2018\/downloads\/EnglishSpeakers.pdf&#8221;][vc_separator type=&#8221;transparent&#8221; up=&#8221;20&#8243; down=&#8221;0&#8243;][vc_column_text]<\/p>\n<h3 style=\"text-align: center;\"><a href=\"http:\/\/www.raomd.com.br\/2018\/downloads\/EnglishSpeakers.pdf\">English Speakers<\/a><\/h3>\n<p>[\/vc_column_text][vc_separator type=&#8221;small&#8221; position=&#8221;center&#8221; up=&#8221;20&#8243; down=&#8221;20&#8243;][vc_separator type=&#8221;transparent&#8221; up=&#8221;20&#8243; down=&#8221;40&#8243;][\/vc_column_inner][\/vc_row_inner][\/vc_column][\/vc_row][vc_row css_animation=&#8221;&#8221; row_type=&#8221;row&#8221; use_row_as_full_screen_section=&#8221;no&#8221; type=&#8221;full_width&#8221; angled_section=&#8221;no&#8221; text_align=&#8221;left&#8221; background_image_as_pattern=&#8221;without_pattern&#8221; background_color=&#8221;#ffffff&#8221;][vc_column][vc_separator type=&#8221;transparent&#8221; up=&#8221;30&#8243; down=&#8221;30&#8243;][\/vc_column][\/vc_row][vc_row css_animation=&#8221;&#8221; row_type=&#8221;row&#8221; use_row_as_full_screen_section=&#8221;no&#8221; type=&#8221;grid&#8221; angled_section=&#8221;no&#8221; text_align=&#8221;left&#8221; background_image_as_pattern=&#8221;without_pattern&#8221; background_color=&#8221;#ffffff&#8221; padding_top=&#8221;20&#8243;][vc_column width=&#8221;1\/2&#8243;][vc_row_inner row_type=&#8221;row&#8221; type=&#8221;full_width&#8221; text_align=&#8221;center&#8221; css_animation=&#8221;&#8221;][vc_column_inner][vc_gallery interval=&#8221;3&#8243; images=&#8221;15829,15828,15827,15830&#8243; img_size=&#8221;700&#215;524&#8243;][vc_separator type=&#8221;transparent&#8221; up=&#8221;10&#8243; down=&#8221;0&#8243;][\/vc_column_inner][\/vc_row_inner][\/vc_column][vc_column width=&#8221;1\/2&#8243;][vc_column_text]<\/p>\n<h2 style=\"text-align: left;\">CONSULT\u00d3RIO<span style=\"color: #ffffff;\"><br \/>\n<\/span><\/h2>\n<p>[\/vc_column_text][vc_separator type=&#8221;small&#8221; position=&#8221;left&#8221; up=&#8221;20&#8243; down=&#8221;20&#8243;][vc_column_text]<\/p>\n<p style=\"text-align: left;\"><strong>F\u00e1cil acesso, conforto e seguran\u00e7a.<\/strong><span style=\"color: #ffffff;\"><br \/>\n<\/span><\/p>\n<p>[\/vc_column_text][vc_separator type=&#8221;transparent&#8221; up=&#8221;50&#8243; down=&#8221;0&#8243;][vc_column_text]<span style=\"line-height: 30px;\">Estamos localizados no edif\u00edcio Advance II, atr\u00e1s da pir\u00e2mide da LBV (Legi\u00e3o da Boa Vontade). Se preferir, clique na logomarca abaixo para abrir o aplicativo Waze, no seu celular, que definir\u00e1 automaticamente a rota.<\/span>[\/vc_column_text][vc_separator type=&#8221;transparent&#8221; up=&#8221;60&#8243; down=&#8221;7&#8243;][vc_single_image image=&#8221;15840&#8243; img_size=&#8221;200&#215;59&#8243; onclick=&#8221;custom_link&#8221; qode_css_animation=&#8221;&#8221; qode_hover_animation=&#8221;zoom_in&#8221; link=&#8221;https:\/\/waze.com\/ul?preview_venue_id=204539498.2045198370.1084402&#8243;][vc_separator type=&#8221;transparent&#8221; up=&#8221;60&#8243; down=&#8221;7&#8243;][\/vc_column][\/vc_row]<\/p>\n<\/div>","protected":false},"excerpt":{"rendered":"<p>[vc_row css_animation=&#8221;&#8221; row_type=&#8221;row&#8221; use_row_as_full_screen_section=&#8221;no&#8221; type=&#8221;grid&#8221; angled_section=&#8221;no&#8221; text_align=&#8221;center&#8221; background_image_as_pattern=&#8221;without_pattern&#8221; background_color=&#8221;#1a3878&#8243;][vc_column][vc_column_text] Cl\u00ednica M\u00e9dica | Geriatria | Pneumologia | International Panel Physician [\/vc_column_text][\/vc_column][\/vc_row][vc_row css_animation=&#8221;&#8221; row_type=&#8221;row&#8221; use_row_as_full_screen_section=&#8221;no&#8221; type=&#8221;grid&#8221; angled_section=&#8221;no&#8221; text_align=&#8221;left&#8221; background_image_as_pattern=&#8221;without_pattern&#8221; background_color=&#8221;#ffffff&#8221; padding_top=&#8221;0&#8243; padding_bottom=&#8221;0&#8243;][vc_column][vc_separator type=&#8221;transparent&#8221; up=&#8221;50&#8243; down=&#8221;0&#8243;][vc_column_text] CONSULTA M\u00c9DICA &#8211; International Panel Physician [\/vc_column_text][vc_separator type=&#8221;small&#8221; position=&#8221;center&#8221; up=&#8221;20&#8243; down=&#8221;20&#8243;][vc_column_text] Selecione&#8230;<\/p>\n","protected":false},"author":1,"featured_media":0,"parent":0,"menu_order":0,"comment_status":"open","ping_status":"open","template":"full_width.php","meta":{"footnotes":""},"class_list":["post-14006","page","type-page","status-publish","hentry"],"_links":{"self":[{"href":"http:\/\/www.raomd.com.br\/2018\/wp-json\/wp\/v2\/pages\/14006","targetHints":{"allow":["GET"]}}],"collection":[{"href":"http:\/\/www.raomd.com.br\/2018\/wp-json\/wp\/v2\/pages"}],"about":[{"href":"http:\/\/www.raomd.com.br\/2018\/wp-json\/wp\/v2\/types\/page"}],"author":[{"embeddable":true,"href":"http:\/\/www.raomd.com.br\/2018\/wp-json\/wp\/v2\/users\/1"}],"replies":[{"embeddable":true,"href":"http:\/\/www.raomd.com.br\/2018\/wp-json\/wp\/v2\/comments?post=14006"}],"version-history":[{"count":111,"href":"http:\/\/www.raomd.com.br\/2018\/wp-json\/wp\/v2\/pages\/14006\/revisions"}],"predecessor-version":[{"id":16165,"href":"http:\/\/www.raomd.com.br\/2018\/wp-json\/wp\/v2\/pages\/14006\/revisions\/16165"}],"wp:attachment":[{"href":"http:\/\/www.raomd.com.br\/2018\/wp-json\/wp\/v2\/media?parent=14006"}],"curies":[{"name":"wp","href":"https:\/\/api.w.org\/{rel}","templated":true}]}}